{"id":2,"date":"2016-05-10T03:48:21","date_gmt":"2016-05-10T03:48:21","guid":{"rendered":"http:\/\/wp452m.a10-52-158-154.qa.plesk.ru\/wordpress\/?page_id=2"},"modified":"2016-07-13T07:04:26","modified_gmt":"2016-07-13T07:04:26","slug":"sample-page","status":"publish","type":"page","link":"https:\/\/buecherei-bernkastel-wehlen.de\/?page_id=2","title":{"rendered":"Kontakt"},"content":{"rendered":"<h3 style=\"text-align: left;\">Katholisch \u00d6ffentliche B\u00fccherei St. Agatha Wehlen<\/h3>\n<p style=\"text-align: left;\">K\u00d6B St. Agatha Wehlen<br \/>\nUferallee 7 (neben dem Pfarrhaus)<br \/>\n54470 Bernkastel-Wehlen<br \/>\nTel: 0151-53546557<br \/>\nEmail: info (at) buecherei-bernkastel-wehlen.de<\/p>\n<p>&nbsp;<\/p>\n<p>&nbsp;<\/p>\n","protected":false},"excerpt":{"rendered":"<p>Katholisch \u00d6ffentliche B\u00fccherei St. Agatha Wehlen K\u00d6B St. Agatha Wehlen Uferallee 7 (neben dem Pfarrhaus) 54470 Bernkastel-Wehlen Tel: 0151-53546557 Email: info (at) buecherei-bernkastel-wehlen.de &nbsp; &nbsp;<\/p>\n","protected":false},"author":1,"featured_media":83,"parent":0,"menu_order":0,"comment_status":"closed","ping_status":"open","template":"","meta":{"footnotes":""},"class_list":["post-2","page","type-page","status-publish","has-post-thumbnail","hentry"],"_links":{"self":[{"href":"https:\/\/buecherei-bernkastel-wehlen.de\/index.php?rest_route=\/wp\/v2\/pages\/2","targetHints":{"allow":["GET"]}}],"collection":[{"href":"https:\/\/buecherei-bernkastel-wehlen.de\/index.php?rest_route=\/wp\/v2\/pages"}],"about":[{"href":"https:\/\/buecherei-bernkastel-wehlen.de\/index.php?rest_route=\/wp\/v2\/types\/page"}],"author":[{"embeddable":true,"href":"https:\/\/buecherei-bernkastel-wehlen.de\/index.php?rest_route=\/wp\/v2\/users\/1"}],"replies":[{"embeddable":true,"href":"https:\/\/buecherei-bernkastel-wehlen.de\/index.php?rest_route=%2Fwp%2Fv2%2Fcomments&post=2"}],"version-history":[{"count":14,"href":"https:\/\/buecherei-bernkastel-wehlen.de\/index.php?rest_route=\/wp\/v2\/pages\/2\/revisions"}],"predecessor-version":[{"id":95,"href":"https:\/\/buecherei-bernkastel-wehlen.de\/index.php?rest_route=\/wp\/v2\/pages\/2\/revisions\/95"}],"wp:featuredmedia":[{"embeddable":true,"href":"https:\/\/buecherei-bernkastel-wehlen.de\/index.php?rest_route=\/wp\/v2\/media\/83"}],"wp:attachment":[{"href":"https:\/\/buecherei-bernkastel-wehlen.de\/index.php?rest_route=%2Fwp%2Fv2%2Fmedia&parent=2"}],"curies":[{"name":"wp","href":"https:\/\/api.w.org\/{rel}","templated":true}]}}